{"id":138,"date":"2019-01-22T00:55:33","date_gmt":"2019-01-22T00:55:33","guid":{"rendered":"http:\/\/wise.inesctec.pt\/?page_id=138"},"modified":"2020-06-30T02:04:16","modified_gmt":"2020-06-30T02:04:16","slug":"publications","status":"publish","type":"page","link":"https:\/\/wise.inesctec.pt\/?page_id=138","title":{"rendered":"Publications"},"content":{"rendered":"<h4><strong>International Journals<br \/>\n<\/strong><\/h4>\n\n<table id=\"tablepress-4\" class=\"tablepress tablepress-id-4\">\n<thead>\n<tr class=\"row-1\">\n\t<th class=\"column-1\">Title<\/th><th class=\"column-2\">Year<\/th><th class=\"column-3\">Authors<\/th><th class=\"column-4\">Publication<\/th>\n<\/tr>\n<\/thead>\n<tbody class=\"row-striping row-hover\">\n<tr class=\"row-2\">\n\t<td class=\"column-1\"><a href=\"https:\/\/doi.org\/10.1016\/j.simpat.2019.101931\" target=\"_blank\" rel=\"noopener noreferrer\">Improving ns-3 emulation performance for fast prototyping of routing and SDN protocols: Moving data plane operations to outside of ns-3<\/a><\/td><td class=\"column-2\">2019<\/td><td class=\"column-3\">Helder Fontes, Tiago Cardoso, Rui Campos, and Manuel Ricardo<\/td><td class=\"column-4\">Simulation Modelling Practice and Theory (SIMPAT), vol. 96, p. 101931, 2019<\/td>\n<\/tr>\n<tr class=\"row-3\">\n\t<td class=\"column-1\"><a href=\"https:\/\/doi.org\/10.1016\/j.adhoc.2021.102525\" target=\"_blank\" rel=\"noopener noreferrer\">Joint Traffic-Aware UAV Placement and Predictive Routing for Aerial Networks<\/a><\/td><td class=\"column-2\">2021<\/td><td class=\"column-3\">Eduardo Nuno Almeida, Andr\u00e9 Coelho, Jos\u00e9 Ruela, Rui Campos, and Manuel Ricardo<\/td><td class=\"column-4\">Ad Hoc Networks, vol. 118, p. 102525, 2021<\/td>\n<\/tr>\n<\/tbody>\n<\/table>\n<!-- #tablepress-4 from cache -->\n<p>&nbsp;<\/p>\n<h4><strong>International Conferences<br \/>\n<\/strong><\/h4>\n\n<table id=\"tablepress-1\" class=\"tablepress tablepress-id-1\">\n<thead>\n<tr class=\"row-1\">\n\t<th class=\"column-1\">Title<\/th><th class=\"column-2\">Year<\/th><th class=\"column-3\">Authors<\/th><th class=\"column-4\">Publication<\/th>\n<\/tr>\n<\/thead>\n<tbody class=\"row-striping row-hover\">\n<tr class=\"row-2\">\n\t<td class=\"column-1\"><a href=\"https:\/\/doi.org\/10.1109\/WCNC.2018.8377408\" target=\"_blank\" rel=\"noopener noreferrer\">Traffic-aware multi-tier flying network: Network planning for throughput improvement<\/a><\/td><td class=\"column-2\">2018<\/td><td class=\"column-3\">Eduardo Nuno Almeida, Rui Campos, and Manuel Ricardo<\/td><td class=\"column-4\">2018 IEEE Wireless Communications and Networking Conference (WCNC), IEEE, 2018<\/td>\n<\/tr>\n<tr class=\"row-3\">\n\t<td class=\"column-1\"><a href=\"https:\/\/doi.org\/10.1109\/WiMOB.2018.8589098\" target=\"_blank\" rel=\"noopener noreferrer\">RedeFINE: Centralized Routing for High-capacity Multi-hop Flying Networks<\/a><br \/>\n<\/td><td class=\"column-2\">2018<\/td><td class=\"column-3\">Andr\u00e9 Coelho, Eduardo Nuno Almeida, Pedro Silva, Jos\u00e9 Ruela, Rui Campos, and Manuel Ricardo<\/td><td class=\"column-4\">2018 14th International Conference on Wireless and Mobile Computing, Networking and Communications (WiMob), 2018<\/td>\n<\/tr>\n<tr class=\"row-4\">\n\t<td class=\"column-1\"><a href=\"https:\/\/doi.org\/10.1109\/ISCC47284.2019.8969575\" target=\"_blank\" rel=\"noopener noreferrer\">A Routing Metric for Inter-flow Interference-aware Flying Multi-hop Networks<\/a><\/td><td class=\"column-2\">2019<\/td><td class=\"column-3\">Andr\u00e9 Coelho, Eduardo Nuno Almeida, Jos\u00e9 Ruela, Rui Campos, and Manuel Ricardo<\/td><td class=\"column-4\">2019 IEEE Symposium on Computers and Communications (ISCC), 2019<\/td>\n<\/tr>\n<tr class=\"row-5\">\n\t<td class=\"column-1\"><a href=\"https:\/\/doi.org\/10.1109\/WiMOB.2019.8923217\" target=\"_blank\" rel=\"noopener noreferrer\">A Machine Learning Based Quality of Service Estimator for Aerial Wireless Networks<\/a><\/td><td class=\"column-2\">2019<\/td><td class=\"column-3\">Eduardo Nuno Almeida, Kelwin Fernandes, Francisco Andrade, Pedro Silva, Rui Campos, and Manuel Ricardo<\/td><td class=\"column-4\">2019 International Conference on Wireless and Mobile Computing, Networking and Communications (WiMob), 2019<\/td>\n<\/tr>\n<tr class=\"row-6\">\n\t<td class=\"column-1\"><a href=\"https:\/\/doi.org\/10.1109\/PIMRC48278.2020.9217183\" target=\"_blank\" rel=\"noopener noreferrer\">Proactive Queue Management for Flying Networks<\/a><\/td><td class=\"column-2\">2020<\/td><td class=\"column-3\">Andr\u00e9 Coelho, Rui Campos, and Manuel Ricardo<\/td><td class=\"column-4\">2020 IEEE International Symposium on Personal, Indoor and Mobile Radio Communications (PIMRC), 2020<\/td>\n<\/tr>\n<\/tbody>\n<\/table>\n<!-- #tablepress-1 from cache -->\n<p>&nbsp;<\/p>\n<h4><strong>Portuguese Conferences<\/strong><\/h4>\n\n<table id=\"tablepress-5\" class=\"tablepress tablepress-id-5\">\n<thead>\n<tr class=\"row-1\">\n\t<th class=\"column-1\">Title<\/th><th class=\"column-2\">Year<\/th><th class=\"column-3\">Authors<\/th><th class=\"column-4\">Dissemination<\/th>\n<\/tr>\n<\/thead>\n<tbody class=\"row-striping row-hover\">\n<tr class=\"row-2\">\n\t<td class=\"column-1\"><a href=\"https:\/\/drive.inesctec.pt\/s\/mRkaz2Mcc2BLafE\" target=\"_blank\" rel=\"noopener noreferrer\">A network planning algorithm for traffic-aware flying backhaul mesh networks<\/a><\/td><td class=\"column-2\">2017<\/td><td class=\"column-3\">Eduardo Nuno Almeida, Rui Campos, and Manuel Ricardo<\/td><td class=\"column-4\">Presented at MAP-tele Workshop 2017, Aveiro, Portugal<\/td>\n<\/tr>\n<tr class=\"row-3\">\n\t<td class=\"column-1\">A network planning algorithm for traffic-aware flying backhaul mesh networks<\/td><td class=\"column-2\">2018<\/td><td class=\"column-3\">Eduardo Nuno Almeida, Rui Campos, and Manuel Ricardo<\/td><td class=\"column-4\">Presented at 24th Rede Tem\u00e1tica de Comunica\u00e7\u00f5es M\u00f3veis (RTCM) 2018, Covilh\u00e3, Portugal<\/td>\n<\/tr>\n<tr class=\"row-4\">\n\t<td class=\"column-1\"><a href=\"https:\/\/drive.inesctec.pt\/s\/7szbmX4xnFDDRDw\" target=\"_blank\" rel=\"noopener noreferrer\">RedeFINE: Centralized Routing for High-capacity Multi-hop Flying Networks<\/a><\/td><td class=\"column-2\">2019<\/td><td class=\"column-3\">Andr\u00e9 Coelho, Eduardo Nuno Almeida, Pedro Silva, Jos\u00e9 Ruela, Rui Campos, and Manuel Ricardo<\/td><td class=\"column-4\">Presented at 26th Rede Tem\u00e1tica de Comunica\u00e7\u00f5es M\u00f3veis (RTCM) 2019, Coimbra, Portugal<\/td>\n<\/tr>\n<tr class=\"row-5\">\n\t<td class=\"column-1\">A machine learning based quality of service estimator for aerial wireless networks<\/td><td class=\"column-2\">2019<\/td><td class=\"column-3\">Eduardo Nuno Almeida, Kelwin Fernandes, Francisco Andrade, Pedro Silva, Rui Campos, and Manuel Ricardo<\/td><td class=\"column-4\">Presented at MAP-tele Workshop 2019, Porto, Portugal<\/td>\n<\/tr>\n<tr class=\"row-6\">\n\t<td class=\"column-1\"><a href=\"https:\/\/drive.inesctec.pt\/s\/ZosDabwHE9ZoDiD\" target=\"_blank\" rel=\"noopener noreferrer\">Performance Evaluation of Routing Protocols for Flying Multi-hop Networks<\/a><\/td><td class=\"column-2\">2019<\/td><td class=\"column-3\">Andr\u00e9 Coelho, Rui Campos, and Manuel Ricardo<\/td><td class=\"column-4\">Presented at 14th Doctoral Symposium in Informatics Engineering 2019, Porto, Portugal<\/td>\n<\/tr>\n<tr class=\"row-7\">\n\t<td class=\"column-1\"><a href=\"https:\/\/drive.inesctec.pt\/s\/bNkwHCpYwbT9RHM\" target=\"_blank\" rel=\"noopener noreferrer\">Performance Evaluation of Routing Protocols for Flying Multi-hop Networks<\/a><\/td><td class=\"column-2\">2019<\/td><td class=\"column-3\">Andr\u00e9 Coelho, Rui Campos, and Manuel Ricardo<\/td><td class=\"column-4\">Presented at 3rd Doctoral Congress in Engineering 2019, Porto, Portugal<\/td>\n<\/tr>\n<\/tbody>\n<\/table>\n<!-- #tablepress-5 from cache -->\n<p>&nbsp;<\/p>\n<h4><strong>Seminars and Workshops<br \/>\n<\/strong><\/h4>\n\n<table id=\"tablepress-6\" class=\"tablepress tablepress-id-6\">\n<thead>\n<tr class=\"row-1\">\n\t<th class=\"column-1\">Event<\/th><th class=\"column-2\">Year<\/th><th class=\"column-3\">Description<\/th>\n<\/tr>\n<\/thead>\n<tbody class=\"row-striping row-hover\">\n<tr class=\"row-2\">\n\t<td class=\"column-1\">Open Day CTM 2019, Porto, Portugal<\/td><td class=\"column-2\">2019<\/td><td class=\"column-3\">Organization of a seminar and workshop to disseminate the WISE project on the open day of the Centre for Telecommunications and Multimedia (CTM) of INESC TEC<\/td>\n<\/tr>\n<\/tbody>\n<\/table>\n<!-- #tablepress-6 from cache -->\n<p>&nbsp;<\/p>\n<h4><strong>Other Public Actions to Disseminate the WISE Results<br \/>\n<\/strong><\/h4>\n\n<table id=\"tablepress-7\" class=\"tablepress tablepress-id-7\">\n<thead>\n<tr class=\"row-1\">\n\t<th class=\"column-1\">Title<\/th><th class=\"column-2\">Year<\/th><th class=\"column-3\">Authors<\/th><th class=\"column-4\">Dissemination<\/th>\n<\/tr>\n<\/thead>\n<tbody class=\"row-striping row-hover\">\n<tr class=\"row-2\">\n\t<td class=\"column-1\"><a href=\"https:\/\/drive.inesctec.pt\/s\/4RmCM2xJfczdPcX\" target=\"_blank\" rel=\"noopener noreferrer\">Topology control of flying backhaul mesh networks<\/a><\/td><td class=\"column-2\">2016<\/td><td class=\"column-3\">Eduardo Nuno Almeida, Rui Campos, and Manuel Ricardo<\/td><td class=\"column-4\">Presented at INESC TEC's CTM OpenDay 2016, Porto, Portugal<\/td>\n<\/tr>\n<tr class=\"row-3\">\n\t<td class=\"column-1\"><a href=\"https:\/\/drive.inesctec.pt\/s\/WoHsRp5BkCf3amT\" target=\"_blank\" rel=\"noopener noreferrer\">Drones as smart flying Wi-Fi hotspots<\/a><\/td><td class=\"column-2\">2016<\/td><td class=\"column-3\">Eduardo Nuno Almeida, Andr\u00e9 Coelho, Rui Campos, and Manuel Ricardo<\/td><td class=\"column-4\">Presented at INESC TEC's CTM OpenDay 2016, Porto, Portugal<\/td>\n<\/tr>\n<tr class=\"row-4\">\n\t<td class=\"column-1\">Wireless flying networks workshop<\/td><td class=\"column-2\">2017<\/td><td class=\"column-3\">Eduardo Nuno Almeida, Andr\u00e9 Coelho, Rui Campos, and Manuel Ricardo<\/td><td class=\"column-4\">Presented at INESC TEC's OpenDay CTM 2017, Porto, Portugal<\/td>\n<\/tr>\n<tr class=\"row-5\">\n\t<td class=\"column-1\"><a href=\"https:\/\/drive.inesctec.pt\/s\/WoHsRp5BkCf3amT\" target=\"_blank\" rel=\"noopener noreferrer\">Drones as smart flying Wi-Fi hotspots<\/a><\/td><td class=\"column-2\">2017<\/td><td class=\"column-3\">Eduardo Nuno Almeida, Andr\u00e9 Coelho, Rui Campos, and Manuel Ricardo<\/td><td class=\"column-4\">Presented at Techdays 2017, Aveiro, Portugal<\/td>\n<\/tr>\n<tr class=\"row-6\">\n\t<td class=\"column-1\"><a href=\"https:\/\/drive.inesctec.pt\/s\/SbFdQBTwBN5eAmi\" target=\"_blank\" rel=\"noopener noreferrer\">Redes sem fios voadoras - Cen\u00e1rios de comunica\u00e7\u00e3o extremos<\/a><\/td><td class=\"column-2\">2017<\/td><td class=\"column-3\">Rui Campos<\/td><td class=\"column-4\">Presented at Caf\u00e9 Ci\u00eancia, 2017, Santar\u00e9m, Portugal<\/td>\n<\/tr>\n<tr class=\"row-7\">\n\t<td class=\"column-1\">How to take a photo from the sky?<\/td><td class=\"column-2\">2019<\/td><td class=\"column-3\">Andr\u00e9 Coelho, Eduardo Nuno Almeida, Rui Campos, and Manuel Ricardo<\/td><td class=\"column-4\">Presented at INESC TEC's Open Day CTM 2019, Porto, Portugal<\/td>\n<\/tr>\n<\/tbody>\n<\/table>\n<!-- #tablepress-7 from cache -->\n","protected":false},"excerpt":{"rendered":"<p>International Journals &nbsp; International Conferences &nbsp; Portuguese Conferences &nbsp; Seminars and Workshops &nbsp; Other Public Actions to Disseminate the WISE Results<\/p>\n","protected":false},"author":3,"featured_media":0,"parent":0,"menu_order":0,"comment_status":"closed","ping_status":"closed","template":"template-fullwidth.php","meta":{"footnotes":"","_links_to":"","_links_to_target":""},"class_list":["post-138","page","type-page","status-publish","hentry"],"_links":{"self":[{"href":"https:\/\/wise.inesctec.pt\/index.php?rest_route=\/wp\/v2\/pages\/138","targetHints":{"allow":["GET"]}}],"collection":[{"href":"https:\/\/wise.inesctec.pt\/index.php?rest_route=\/wp\/v2\/pages"}],"about":[{"href":"https:\/\/wise.inesctec.pt\/index.php?rest_route=\/wp\/v2\/types\/page"}],"author":[{"embeddable":true,"href":"https:\/\/wise.inesctec.pt\/index.php?rest_route=\/wp\/v2\/users\/3"}],"replies":[{"embeddable":true,"href":"https:\/\/wise.inesctec.pt\/index.php?rest_route=%2Fwp%2Fv2%2Fcomments&post=138"}],"version-history":[{"count":7,"href":"https:\/\/wise.inesctec.pt\/index.php?rest_route=\/wp\/v2\/pages\/138\/revisions"}],"predecessor-version":[{"id":219,"href":"https:\/\/wise.inesctec.pt\/index.php?rest_route=\/wp\/v2\/pages\/138\/revisions\/219"}],"wp:attachment":[{"href":"https:\/\/wise.inesctec.pt\/index.php?rest_route=%2Fwp%2Fv2%2Fmedia&parent=138"}],"curies":[{"name":"wp","href":"https:\/\/api.w.org\/{rel}","templated":true}]}}